{"id":14,"date":"2022-06-27T10:49:35","date_gmt":"2022-06-27T08:49:35","guid":{"rendered":"https:\/\/www.biosupport.fr\/?page_id=14"},"modified":"2026-02-20T15:45:04","modified_gmt":"2026-02-20T14:45:04","slug":"contact","status":"publish","type":"page","link":"https:\/\/www.biosupport.fr\/contact\/","title":{"rendered":"Contact"},"content":{"rendered":"\t\t<div data-elementor-type=\"wp-page\" data-elementor-id=\"14\" class=\"elementor elementor-14\" data-elementor-post-type=\"page\">\n\t\t\t\t<div class=\"elementor-element elementor-element-7bbcb4e e-flex e-con-boxed e-con e-parent\" data-id=\"7bbcb4e\" data-element_type=\"container\" data-e-type=\"container\" data-settings=\"{&quot;background_background&quot;:&quot;classic&quot;}\">\n\t\t\t\t\t<div class=\"e-con-inner\">\n\t\t<div class=\"elementor-element elementor-element-d865daa e-con-full elementor-hidden-mobile e-flex e-con e-child\" data-id=\"d865daa\" data-element_type=\"container\" data-e-type=\"container\">\n\t\t\t\t<div class=\"elementor-element elementor-element-cff396f elementor-widget elementor-widget-image\" data-id=\"cff396f\" data-element_type=\"widget\" data-e-type=\"widget\" data-widget_type=\"image.default\">\n\t\t\t\t<div class=\"elementor-widget-container\">\n\t\t\t\t\t\t\t\t\t\t\t\t\t\t\t<img fetchpriority=\"high\" decoding=\"async\" width=\"798\" height=\"664\" src=\"https:\/\/www.biosupport.fr\/wp-content\/uploads\/2026\/02\/BIO-SUPPORT_Contact.png\" class=\"attachment-full size-full wp-image-4406\" alt=\"\" srcset=\"https:\/\/www.biosupport.fr\/wp-content\/uploads\/2026\/02\/BIO-SUPPORT_Contact.png 798w, https:\/\/www.biosupport.fr\/wp-content\/uploads\/2026\/02\/BIO-SUPPORT_Contact-300x250.png 300w, https:\/\/www.biosupport.fr\/wp-content\/uploads\/2026\/02\/BIO-SUPPORT_Contact-768x639.png 768w\" sizes=\"(max-width: 798px) 100vw, 798px\" \/>\t\t\t\t\t\t\t\t\t\t\t\t\t\t\t<\/div>\n\t\t\t\t<\/div>\n\t\t\t\t<\/div>\n\t\t<div class=\"elementor-element elementor-element-d35f1dc e-con-full e-flex e-con e-child\" data-id=\"d35f1dc\" data-element_type=\"container\" data-e-type=\"container\">\n\t\t\t\t<div class=\"elementor-element elementor-element-b4a60a9 elementor-widget elementor-widget-heading\" data-id=\"b4a60a9\" data-element_type=\"widget\" data-e-type=\"widget\" data-widget_type=\"heading.default\">\n\t\t\t\t<div class=\"elementor-widget-container\">\n\t\t\t\t\t<h1 class=\"elementor-heading-title elementor-size-default\">\u00c9changer avec BIO SUPPORT<\/h1>\t\t\t\t<\/div>\n\t\t\t\t<\/div>\n\t\t\t\t<div class=\"elementor-element elementor-element-59c61ee elementor-widget elementor-widget-heading\" data-id=\"59c61ee\" data-element_type=\"widget\" data-e-type=\"widget\" data-widget_type=\"heading.default\">\n\t\t\t\t<div class=\"elementor-widget-container\">\n\t\t\t\t\t<h2 class=\"elementor-heading-title elementor-size-default\">Parlons de vos enjeux, de votre organisation et de la mani\u00e8re dont nous pouvons vous accompagner.<\/h2>\t\t\t\t<\/div>\n\t\t\t\t<\/div>\n\t\t\t\t<div class=\"elementor-element elementor-element-3a89492 elementor-widget elementor-widget-spacer\" data-id=\"3a89492\" data-element_type=\"widget\" data-e-type=\"widget\" data-widget_type=\"spacer.default\">\n\t\t\t\t<div class=\"elementor-widget-container\">\n\t\t\t\t\t\t\t<div class=\"elementor-spacer\">\n\t\t\t<div class=\"elementor-spacer-inner\"><\/div>\n\t\t<\/div>\n\t\t\t\t\t\t<\/div>\n\t\t\t\t<\/div>\n\t\t\t\t<\/div>\n\t\t\t\t\t<\/div>\n\t\t\t\t<\/div>\n\t\t<div class=\"elementor-element elementor-element-e1d113b e-flex e-con-boxed e-con e-parent\" data-id=\"e1d113b\" data-element_type=\"container\" data-e-type=\"container\">\n\t\t\t\t\t<div class=\"e-con-inner\">\n\t\t<div class=\"elementor-element elementor-element-7a5d1f3 e-con-full e-flex e-con e-child\" data-id=\"7a5d1f3\" data-element_type=\"container\" data-e-type=\"container\">\n\t\t\t\t<div class=\"elementor-element elementor-element-417d26d elementor-widget elementor-widget-heading\" data-id=\"417d26d\" data-element_type=\"widget\" data-e-type=\"widget\" data-widget_type=\"heading.default\">\n\t\t\t\t<div class=\"elementor-widget-container\">\n\t\t\t\t\t<h2 class=\"elementor-heading-title elementor-size-default\">O\u00f9 nous trouver ?<\/h2>\t\t\t\t<\/div>\n\t\t\t\t<\/div>\n\t\t\t\t<\/div>\n\t\t\t\t\t<\/div>\n\t\t\t\t<\/div>\n\t\t<div class=\"elementor-element elementor-element-6c6a090 e-flex e-con-boxed e-con e-parent\" data-id=\"6c6a090\" data-element_type=\"container\" data-e-type=\"container\">\n\t\t\t\t\t<div class=\"e-con-inner\">\n\t\t<div class=\"elementor-element elementor-element-c02e1b0 e-con-full e-flex e-con e-child\" data-id=\"c02e1b0\" data-element_type=\"container\" data-e-type=\"container\">\n\t\t\t\t<div class=\"elementor-element elementor-element-6999f6d elementor-widget elementor-widget-google_maps\" data-id=\"6999f6d\" data-element_type=\"widget\" data-e-type=\"widget\" data-widget_type=\"google_maps.default\">\n\t\t\t\t<div class=\"elementor-widget-container\">\n\t\t\t\t\t\t\t<div class=\"elementor-custom-embed\">\n\t\t\t<iframe loading=\"lazy\"\n\t\t\t\t\tsrc=\"https:\/\/maps.google.com\/maps?q=BIO%20SUPPORT&#038;t=m&#038;z=15&#038;output=embed&#038;iwloc=near\"\n\t\t\t\t\ttitle=\"BIO SUPPORT\"\n\t\t\t\t\taria-label=\"BIO SUPPORT\"\n\t\t\t><\/iframe>\n\t\t<\/div>\n\t\t\t\t\t\t<\/div>\n\t\t\t\t<\/div>\n\t\t\t\t<\/div>\n\t\t<div class=\"elementor-element elementor-element-1093a95 e-con-full e-flex e-con e-child\" data-id=\"1093a95\" data-element_type=\"container\" data-e-type=\"container\">\n\t\t\t\t<div class=\"elementor-element elementor-element-a536260 elementor-widget elementor-widget-heading\" data-id=\"a536260\" data-element_type=\"widget\" data-e-type=\"widget\" data-widget_type=\"heading.default\">\n\t\t\t\t<div class=\"elementor-widget-container\">\n\t\t\t\t\t<h2 class=\"elementor-heading-title elementor-size-default\">Le si\u00e8ge<\/h2>\t\t\t\t<\/div>\n\t\t\t\t<\/div>\n\t\t\t\t<div class=\"elementor-element elementor-element-8c481e1 elementor-widget elementor-widget-text-editor\" data-id=\"8c481e1\" data-element_type=\"widget\" data-e-type=\"widget\" data-widget_type=\"text-editor.default\">\n\t\t\t\t<div class=\"elementor-widget-container\">\n\t\t\t\t\t\t\t\t\t<strong>BIO SUPPORT<\/strong>\nGroupement d\u2019employeurs\n<br>\n4, rue Pierre Fontaine\n<br>\n91000 Evry\t\t\t\t\t\t\t\t<\/div>\n\t\t\t\t<\/div>\n\t\t\t\t<div class=\"elementor-element elementor-element-c978d04 elementor-widget elementor-widget-heading\" data-id=\"c978d04\" data-element_type=\"widget\" data-e-type=\"widget\" data-widget_type=\"heading.default\">\n\t\t\t\t<div class=\"elementor-widget-container\">\n\t\t\t\t\t<h2 class=\"elementor-heading-title elementor-size-default\">Les bureaux<\/h2>\t\t\t\t<\/div>\n\t\t\t\t<\/div>\n\t\t\t\t<div class=\"elementor-element elementor-element-9f688b4 elementor-widget elementor-widget-text-editor\" data-id=\"9f688b4\" data-element_type=\"widget\" data-e-type=\"widget\" data-widget_type=\"text-editor.default\">\n\t\t\t\t<div class=\"elementor-widget-container\">\n\t\t\t\t\t\t\t\t\t<strong>BIO SUPPORT<\/strong>\n<br>\nGENOPOLE\n<br>\nCampus 1, b\u00e2timent 8 &#8211; porte 814\n<br>\n7, rue Henri Auguste Desbru\u00e8res\n<br>\n91000 Evry-Courcouronnes\t\t\t\t\t\t\t\t<\/div>\n\t\t\t\t<\/div>\n\t\t\t\t<div class=\"elementor-element elementor-element-4ebb050 elementor-widget elementor-widget-heading\" data-id=\"4ebb050\" data-element_type=\"widget\" data-e-type=\"widget\" data-widget_type=\"heading.default\">\n\t\t\t\t<div class=\"elementor-widget-container\">\n\t\t\t\t\t<h2 class=\"elementor-heading-title elementor-size-default\">Nous joindre<\/h2>\t\t\t\t<\/div>\n\t\t\t\t<\/div>\n\t\t\t\t<div class=\"elementor-element elementor-element-14eae6e elementor-widget elementor-widget-text-editor\" data-id=\"14eae6e\" data-element_type=\"widget\" data-e-type=\"widget\" data-widget_type=\"text-editor.default\">\n\t\t\t\t<div class=\"elementor-widget-container\">\n\t\t\t\t\t\t\t\t\tT\u00e9l. : 01 60 91 78 90\n<br>\nMail :\u00a0contact@biosupport.fr\t\t\t\t\t\t\t\t<\/div>\n\t\t\t\t<\/div>\n\t\t\t\t<\/div>\n\t\t\t\t\t<\/div>\n\t\t\t\t<\/div>\n\t\t<div class=\"elementor-element elementor-element-599ae44 e-flex e-con-boxed e-con e-parent\" data-id=\"599ae44\" data-element_type=\"container\" data-e-type=\"container\">\n\t\t\t\t\t<div class=\"e-con-inner\">\n\t\t<div class=\"elementor-element elementor-element-7eeea18 e-con-full e-flex e-con e-child\" data-id=\"7eeea18\" data-element_type=\"container\" data-e-type=\"container\">\n\t\t\t\t<div class=\"elementor-element elementor-element-08b8360 elementor-widget elementor-widget-heading\" data-id=\"08b8360\" data-element_type=\"widget\" data-e-type=\"widget\" data-widget_type=\"heading.default\">\n\t\t\t\t<div class=\"elementor-widget-container\">\n\t\t\t\t\t<h2 class=\"elementor-heading-title elementor-size-default\">Une question, un besoin ?<\/h2>\t\t\t\t<\/div>\n\t\t\t\t<\/div>\n\t\t\t\t<\/div>\n\t\t\t\t\t<\/div>\n\t\t\t\t<\/div>\n\t\t<div class=\"elementor-element elementor-element-3b27571 e-flex e-con-boxed e-con e-parent\" data-id=\"3b27571\" data-element_type=\"container\" data-e-type=\"container\">\n\t\t\t\t\t<div class=\"e-con-inner\">\n\t\t<div class=\"elementor-element elementor-element-a9f2d1d e-con-full e-flex e-con e-child\" data-id=\"a9f2d1d\" data-element_type=\"container\" data-e-type=\"container\" data-settings=\"{&quot;background_background&quot;:&quot;classic&quot;}\">\n\t\t\t\t<div class=\"elementor-element elementor-element-27f6b58 elementor-button-align-center elementor-widget elementor-widget-form\" data-id=\"27f6b58\" data-element_type=\"widget\" data-e-type=\"widget\" data-settings=\"{&quot;step_next_label&quot;:&quot;Suivant&quot;,&quot;step_previous_label&quot;:&quot;Pr\\u00e9c\\u00e9dent&quot;,&quot;button_width&quot;:&quot;100&quot;,&quot;step_type&quot;:&quot;number_text&quot;,&quot;step_icon_shape&quot;:&quot;circle&quot;}\" data-widget_type=\"form.default\">\n\t\t\t\t<div class=\"elementor-widget-container\">\n\t\t\t\t\t\t\t<form class=\"elementor-form\" method=\"post\" name=\"Devenir Candidat\" aria-label=\"Devenir Candidat\">\n\t\t\t<input type=\"hidden\" name=\"post_id\" value=\"14\"\/>\n\t\t\t<input type=\"hidden\" name=\"form_id\" value=\"27f6b58\"\/>\n\t\t\t<input type=\"hidden\" name=\"referer_title\" value=\"Contact - BIO SUPPORT\" \/>\n\n\t\t\t\t\t\t\t<input type=\"hidden\" name=\"queried_id\" value=\"14\"\/>\n\t\t\t\n\t\t\t<div class=\"elementor-form-fields-wrapper elementor-labels-above\">\n\t\t\t\t\t\t\t\t<div class=\"elementor-field-type-text elementor-field-group elementor-column elementor-field-group-name elementor-col-50 elementor-field-required elementor-mark-required\">\n\t\t\t\t\t\t\t\t\t\t\t\t<label for=\"form-field-name\" class=\"elementor-field-label\">\n\t\t\t\t\t\t\t\tVotre nom\t\t\t\t\t\t\t<\/label>\n\t\t\t\t\t\t\t\t\t\t\t\t\t\t<input size=\"1\" type=\"text\" name=\"form_fields[name]\" id=\"form-field-name\" class=\"elementor-field elementor-size-xs  elementor-field-textual\" placeholder=\"Votre nom\" required=\"required\">\n\t\t\t\t\t\t\t\t\t\t\t<\/div>\n\t\t\t\t\t\t\t\t<div class=\"elementor-field-type-text elementor-field-group elementor-column elementor-field-group-f_name elementor-col-50 elementor-field-required elementor-mark-required\">\n\t\t\t\t\t\t\t\t\t\t\t\t<label for=\"form-field-f_name\" class=\"elementor-field-label\">\n\t\t\t\t\t\t\t\tVotre pr\u00e9nom\t\t\t\t\t\t\t<\/label>\n\t\t\t\t\t\t\t\t\t\t\t\t\t\t<input size=\"1\" type=\"text\" name=\"form_fields[f_name]\" id=\"form-field-f_name\" class=\"elementor-field elementor-size-xs  elementor-field-textual\" placeholder=\"Votre pr\u00e9nom\" required=\"required\">\n\t\t\t\t\t\t\t\t\t\t\t<\/div>\n\t\t\t\t\t\t\t\t<div class=\"elementor-field-type-tel elementor-field-group elementor-column elementor-field-group-phone elementor-col-50 elementor-field-required elementor-mark-required\">\n\t\t\t\t\t\t\t\t\t\t\t\t<label for=\"form-field-phone\" class=\"elementor-field-label\">\n\t\t\t\t\t\t\t\tVotre t\u00e9l\u00e9phone\t\t\t\t\t\t\t<\/label>\n\t\t\t\t\t\t\t\t<input size=\"1\" type=\"tel\" name=\"form_fields[phone]\" id=\"form-field-phone\" class=\"elementor-field elementor-size-xs  elementor-field-textual\" placeholder=\"Votre t\u00e9l\u00e9phone\" required=\"required\" pattern=\"[0-9()#&amp;+*-=.]+\" title=\"Seuls les caract\u00e8res de num\u00e9ros de t\u00e9l\u00e9phone (#, -, *, etc.) sont accept\u00e9s.\">\n\n\t\t\t\t\t\t<\/div>\n\t\t\t\t\t\t\t\t<div class=\"elementor-field-type-email elementor-field-group elementor-column elementor-field-group-e_mail elementor-col-50 elementor-field-required elementor-mark-required\">\n\t\t\t\t\t\t\t\t\t\t\t\t<label for=\"form-field-e_mail\" class=\"elementor-field-label\">\n\t\t\t\t\t\t\t\tVotre adresse mail\t\t\t\t\t\t\t<\/label>\n\t\t\t\t\t\t\t\t\t\t\t\t\t\t<input size=\"1\" type=\"email\" name=\"form_fields[e_mail]\" id=\"form-field-e_mail\" class=\"elementor-field elementor-size-xs  elementor-field-textual\" placeholder=\"Votre adresse mail\" required=\"required\">\n\t\t\t\t\t\t\t\t\t\t\t<\/div>\n\t\t\t\t\t\t\t\t<div class=\"elementor-field-type-text elementor-field-group elementor-column elementor-field-group-object elementor-col-100 elementor-field-required elementor-mark-required\">\n\t\t\t\t\t\t\t\t\t\t\t\t<label for=\"form-field-object\" class=\"elementor-field-label\">\n\t\t\t\t\t\t\t\tObjet\t\t\t\t\t\t\t<\/label>\n\t\t\t\t\t\t\t\t\t\t\t\t\t\t<input size=\"1\" type=\"text\" name=\"form_fields[object]\" id=\"form-field-object\" class=\"elementor-field elementor-size-xs  elementor-field-textual\" placeholder=\"Objet\" required=\"required\">\n\t\t\t\t\t\t\t\t\t\t\t<\/div>\n\t\t\t\t\t\t\t\t<div class=\"elementor-field-type-textarea elementor-field-group elementor-column elementor-field-group-field_78e7508 elementor-col-100 elementor-field-required elementor-mark-required\">\n\t\t\t\t\t\t\t\t\t\t\t\t<label for=\"form-field-field_78e7508\" class=\"elementor-field-label\">\n\t\t\t\t\t\t\t\tMessage\t\t\t\t\t\t\t<\/label>\n\t\t\t\t\t\t<textarea class=\"elementor-field-textual elementor-field  elementor-size-xs\" name=\"form_fields[field_78e7508]\" id=\"form-field-field_78e7508\" rows=\"10\" placeholder=\"Message\" required=\"required\"><\/textarea>\t\t\t\t<\/div>\n\t\t\t\t\t\t\t\t<div class=\"elementor-field-type-recaptcha_v3 elementor-field-group elementor-column elementor-field-group-field_30b6bc4 elementor-col-100 recaptcha_v3-bottomright\">\n\t\t\t\t\t<div class=\"elementor-field\" id=\"form-field-field_30b6bc4\"><div class=\"elementor-g-recaptcha\" data-sitekey=\"6LfVJKEpAAAAAJ0O5ygO6faFKFugB7prcAa4lvO7\" data-type=\"v3\" data-action=\"Form\" data-badge=\"bottomright\" data-size=\"invisible\"><\/div><\/div>\t\t\t\t<\/div>\n\t\t\t\t\t\t\t\t<div class=\"elementor-field-group elementor-column elementor-field-type-submit elementor-col-100 e-form__buttons\">\n\t\t\t\t\t<button class=\"elementor-button elementor-size-md\" type=\"submit\">\n\t\t\t\t\t\t<span class=\"elementor-button-content-wrapper\">\n\t\t\t\t\t\t\t\t\t\t\t\t\t\t\t<span class=\"elementor-button-icon\">\n\t\t\t\t\t\t\t\t\t<i aria-hidden=\"true\" class=\"far fa-arrow-alt-circle-right\"><\/i>\t\t\t\t\t\t\t\t\t\t\t\t\t\t\t\t\t<\/span>\n\t\t\t\t\t\t\t\t\t\t\t\t\t\t\t\t\t\t\t\t\t\t<span class=\"elementor-button-text\">Envoyer<\/span>\n\t\t\t\t\t\t\t\t\t\t\t\t\t<\/span>\n\t\t\t\t\t<\/button>\n\t\t\t\t<\/div>\n\t\t\t<\/div>\n\t\t<\/form>\n\t\t\t\t\t\t<\/div>\n\t\t\t\t<\/div>\n\t\t\t\t<\/div>\n\t\t\t\t\t<\/div>\n\t\t\t\t<\/div>\n\t\t\t\t<\/div>\n\t\t","protected":false},"excerpt":{"rendered":"<p>\u00c9changer avec BIO SUPPORT Parlons de vos enjeux, de votre organisation et de la mani\u00e8re dont nous pouvons vous accompagner. O\u00f9 nous trouver ? Le si\u00e8ge BIO SUPPORT Groupement d\u2019employeurs 4, rue Pierre Fontaine 91000 Evry Les bureaux BIO SUPPORT GENOPOLE Campus 1, b\u00e2timent 8 &#8211; porte 814 7, rue Henri Auguste Desbru\u00e8res 91000 Evry-Courcouronnes&hellip;&nbsp;<a href=\"https:\/\/www.biosupport.fr\/contact\/\" rel=\"bookmark\">Lire la suite &raquo;<span class=\"screen-reader-text\">Contact<\/span><\/a><\/p>\n","protected":false},"author":2,"featured_media":0,"parent":0,"menu_order":0,"comment_status":"closed","ping_status":"closed","template":"","meta":{"neve_meta_sidebar":"","neve_meta_container":"","neve_meta_enable_content_width":"on","neve_meta_content_width":100,"neve_meta_title_alignment":"","neve_meta_author_avatar":"","neve_post_elements_order":"","neve_meta_disable_header":"","neve_meta_disable_footer":"","neve_meta_disable_title":"on","footnotes":""},"class_list":["post-14","page","type-page","status-publish","hentry"],"yoast_head":"<!-- This site is optimized with the Yoast SEO plugin v27.3 - https:\/\/yoast.com\/product\/yoast-seo-wordpress\/ -->\n<title>Contact - BIO SUPPORT<\/title>\n<meta name=\"robots\" content=\"index, follow, max-snippet:-1, max-image-preview:large, max-video-preview:-1\" \/>\n<link rel=\"canonical\" href=\"https:\/\/www.biosupport.fr\/contact\/\" \/>\n<meta property=\"og:locale\" content=\"fr_FR\" \/>\n<meta property=\"og:type\" content=\"article\" \/>\n<meta property=\"og:title\" content=\"Contact - BIO SUPPORT\" \/>\n<meta property=\"og:description\" content=\"\u00c9changer avec BIO SUPPORT Parlons de vos enjeux, de votre organisation et de la mani\u00e8re dont nous pouvons vous accompagner. O\u00f9 nous trouver ? Le si\u00e8ge BIO SUPPORT Groupement d\u2019employeurs 4, rue Pierre Fontaine 91000 Evry Les bureaux BIO SUPPORT GENOPOLE Campus 1, b\u00e2timent 8 &#8211; porte 814 7, rue Henri Auguste Desbru\u00e8res 91000 Evry-Courcouronnes&hellip;&nbsp;Lire la suite &raquo;Contact\" \/>\n<meta property=\"og:url\" content=\"https:\/\/www.biosupport.fr\/contact\/\" \/>\n<meta property=\"og:site_name\" content=\"BIO SUPPORT\" \/>\n<meta property=\"article:modified_time\" content=\"2026-02-20T14:45:04+00:00\" \/>\n<meta property=\"og:image\" content=\"https:\/\/www.biosupport.fr\/wp-content\/uploads\/2026\/02\/BIO-SUPPORT_Contact.png\" \/>\n\t<meta property=\"og:image:width\" content=\"798\" \/>\n\t<meta property=\"og:image:height\" content=\"664\" \/>\n\t<meta property=\"og:image:type\" content=\"image\/png\" \/>\n<meta name=\"twitter:card\" content=\"summary_large_image\" \/>\n<meta name=\"twitter:label1\" content=\"Dur\u00e9e de lecture estim\u00e9e\" \/>\n\t<meta name=\"twitter:data1\" content=\"1 minute\" \/>\n<script type=\"application\/ld+json\" class=\"yoast-schema-graph\">{\"@context\":\"https:\\\/\\\/schema.org\",\"@graph\":[{\"@type\":\"WebPage\",\"@id\":\"https:\\\/\\\/www.biosupport.fr\\\/contact\\\/\",\"url\":\"https:\\\/\\\/www.biosupport.fr\\\/contact\\\/\",\"name\":\"Contact - BIO SUPPORT\",\"isPartOf\":{\"@id\":\"https:\\\/\\\/www.biosupport.fr\\\/#website\"},\"primaryImageOfPage\":{\"@id\":\"https:\\\/\\\/www.biosupport.fr\\\/contact\\\/#primaryimage\"},\"image\":{\"@id\":\"https:\\\/\\\/www.biosupport.fr\\\/contact\\\/#primaryimage\"},\"thumbnailUrl\":\"https:\\\/\\\/www.biosupport.fr\\\/wp-content\\\/uploads\\\/2026\\\/02\\\/BIO-SUPPORT_Contact.png\",\"datePublished\":\"2022-06-27T08:49:35+00:00\",\"dateModified\":\"2026-02-20T14:45:04+00:00\",\"breadcrumb\":{\"@id\":\"https:\\\/\\\/www.biosupport.fr\\\/contact\\\/#breadcrumb\"},\"inLanguage\":\"fr-FR\",\"potentialAction\":[{\"@type\":\"ReadAction\",\"target\":[\"https:\\\/\\\/www.biosupport.fr\\\/contact\\\/\"]}]},{\"@type\":\"ImageObject\",\"inLanguage\":\"fr-FR\",\"@id\":\"https:\\\/\\\/www.biosupport.fr\\\/contact\\\/#primaryimage\",\"url\":\"https:\\\/\\\/www.biosupport.fr\\\/wp-content\\\/uploads\\\/2026\\\/02\\\/BIO-SUPPORT_Contact.png\",\"contentUrl\":\"https:\\\/\\\/www.biosupport.fr\\\/wp-content\\\/uploads\\\/2026\\\/02\\\/BIO-SUPPORT_Contact.png\",\"width\":798,\"height\":664},{\"@type\":\"BreadcrumbList\",\"@id\":\"https:\\\/\\\/www.biosupport.fr\\\/contact\\\/#breadcrumb\",\"itemListElement\":[{\"@type\":\"ListItem\",\"position\":1,\"name\":\"Accueil\",\"item\":\"https:\\\/\\\/www.biosupport.fr\\\/\"},{\"@type\":\"ListItem\",\"position\":2,\"name\":\"Contact\"}]},{\"@type\":\"WebSite\",\"@id\":\"https:\\\/\\\/www.biosupport.fr\\\/#website\",\"url\":\"https:\\\/\\\/www.biosupport.fr\\\/\",\"name\":\"BIO SUPPORT\",\"description\":\"Des comp\u00e9tences support au service de la Biotech\",\"publisher\":{\"@id\":\"https:\\\/\\\/www.biosupport.fr\\\/#organization\"},\"potentialAction\":[{\"@type\":\"SearchAction\",\"target\":{\"@type\":\"EntryPoint\",\"urlTemplate\":\"https:\\\/\\\/www.biosupport.fr\\\/?s={search_term_string}\"},\"query-input\":{\"@type\":\"PropertyValueSpecification\",\"valueRequired\":true,\"valueName\":\"search_term_string\"}}],\"inLanguage\":\"fr-FR\"},{\"@type\":\"Organization\",\"@id\":\"https:\\\/\\\/www.biosupport.fr\\\/#organization\",\"name\":\"BIO SUPPORT\",\"url\":\"https:\\\/\\\/www.biosupport.fr\\\/\",\"logo\":{\"@type\":\"ImageObject\",\"inLanguage\":\"fr-FR\",\"@id\":\"https:\\\/\\\/www.biosupport.fr\\\/#\\\/schema\\\/logo\\\/image\\\/\",\"url\":\"https:\\\/\\\/www.biosupport.fr\\\/wp-content\\\/uploads\\\/2022\\\/09\\\/BIO-SUPPORT_Logo_2022_750x750.png\",\"contentUrl\":\"https:\\\/\\\/www.biosupport.fr\\\/wp-content\\\/uploads\\\/2022\\\/09\\\/BIO-SUPPORT_Logo_2022_750x750.png\",\"width\":750,\"height\":750,\"caption\":\"BIO SUPPORT\"},\"image\":{\"@id\":\"https:\\\/\\\/www.biosupport.fr\\\/#\\\/schema\\\/logo\\\/image\\\/\"},\"sameAs\":[\"https:\\\/\\\/www.linkedin.com\\\/company\\\/1379736\"]}]}<\/script>\n<!-- \/ Yoast SEO plugin. -->","yoast_head_json":{"title":"Contact - BIO SUPPORT","robots":{"index":"index","follow":"follow","max-snippet":"max-snippet:-1","max-image-preview":"max-image-preview:large","max-video-preview":"max-video-preview:-1"},"canonical":"https:\/\/www.biosupport.fr\/contact\/","og_locale":"fr_FR","og_type":"article","og_title":"Contact - BIO SUPPORT","og_description":"\u00c9changer avec BIO SUPPORT Parlons de vos enjeux, de votre organisation et de la mani\u00e8re dont nous pouvons vous accompagner. O\u00f9 nous trouver ? Le si\u00e8ge BIO SUPPORT Groupement d\u2019employeurs 4, rue Pierre Fontaine 91000 Evry Les bureaux BIO SUPPORT GENOPOLE Campus 1, b\u00e2timent 8 &#8211; porte 814 7, rue Henri Auguste Desbru\u00e8res 91000 Evry-Courcouronnes&hellip;&nbsp;Lire la suite &raquo;Contact","og_url":"https:\/\/www.biosupport.fr\/contact\/","og_site_name":"BIO SUPPORT","article_modified_time":"2026-02-20T14:45:04+00:00","og_image":[{"width":798,"height":664,"url":"https:\/\/www.biosupport.fr\/wp-content\/uploads\/2026\/02\/BIO-SUPPORT_Contact.png","type":"image\/png"}],"twitter_card":"summary_large_image","twitter_misc":{"Dur\u00e9e de lecture estim\u00e9e":"1 minute"},"schema":{"@context":"https:\/\/schema.org","@graph":[{"@type":"WebPage","@id":"https:\/\/www.biosupport.fr\/contact\/","url":"https:\/\/www.biosupport.fr\/contact\/","name":"Contact - BIO SUPPORT","isPartOf":{"@id":"https:\/\/www.biosupport.fr\/#website"},"primaryImageOfPage":{"@id":"https:\/\/www.biosupport.fr\/contact\/#primaryimage"},"image":{"@id":"https:\/\/www.biosupport.fr\/contact\/#primaryimage"},"thumbnailUrl":"https:\/\/www.biosupport.fr\/wp-content\/uploads\/2026\/02\/BIO-SUPPORT_Contact.png","datePublished":"2022-06-27T08:49:35+00:00","dateModified":"2026-02-20T14:45:04+00:00","breadcrumb":{"@id":"https:\/\/www.biosupport.fr\/contact\/#breadcrumb"},"inLanguage":"fr-FR","potentialAction":[{"@type":"ReadAction","target":["https:\/\/www.biosupport.fr\/contact\/"]}]},{"@type":"ImageObject","inLanguage":"fr-FR","@id":"https:\/\/www.biosupport.fr\/contact\/#primaryimage","url":"https:\/\/www.biosupport.fr\/wp-content\/uploads\/2026\/02\/BIO-SUPPORT_Contact.png","contentUrl":"https:\/\/www.biosupport.fr\/wp-content\/uploads\/2026\/02\/BIO-SUPPORT_Contact.png","width":798,"height":664},{"@type":"BreadcrumbList","@id":"https:\/\/www.biosupport.fr\/contact\/#breadcrumb","itemListElement":[{"@type":"ListItem","position":1,"name":"Accueil","item":"https:\/\/www.biosupport.fr\/"},{"@type":"ListItem","position":2,"name":"Contact"}]},{"@type":"WebSite","@id":"https:\/\/www.biosupport.fr\/#website","url":"https:\/\/www.biosupport.fr\/","name":"BIO SUPPORT","description":"Des comp\u00e9tences support au service de la Biotech","publisher":{"@id":"https:\/\/www.biosupport.fr\/#organization"},"potentialAction":[{"@type":"SearchAction","target":{"@type":"EntryPoint","urlTemplate":"https:\/\/www.biosupport.fr\/?s={search_term_string}"},"query-input":{"@type":"PropertyValueSpecification","valueRequired":true,"valueName":"search_term_string"}}],"inLanguage":"fr-FR"},{"@type":"Organization","@id":"https:\/\/www.biosupport.fr\/#organization","name":"BIO SUPPORT","url":"https:\/\/www.biosupport.fr\/","logo":{"@type":"ImageObject","inLanguage":"fr-FR","@id":"https:\/\/www.biosupport.fr\/#\/schema\/logo\/image\/","url":"https:\/\/www.biosupport.fr\/wp-content\/uploads\/2022\/09\/BIO-SUPPORT_Logo_2022_750x750.png","contentUrl":"https:\/\/www.biosupport.fr\/wp-content\/uploads\/2022\/09\/BIO-SUPPORT_Logo_2022_750x750.png","width":750,"height":750,"caption":"BIO SUPPORT"},"image":{"@id":"https:\/\/www.biosupport.fr\/#\/schema\/logo\/image\/"},"sameAs":["https:\/\/www.linkedin.com\/company\/1379736"]}]}},"_links":{"self":[{"href":"https:\/\/www.biosupport.fr\/wp-json\/wp\/v2\/pages\/14","targetHints":{"allow":["GET"]}}],"collection":[{"href":"https:\/\/www.biosupport.fr\/wp-json\/wp\/v2\/pages"}],"about":[{"href":"https:\/\/www.biosupport.fr\/wp-json\/wp\/v2\/types\/page"}],"author":[{"embeddable":true,"href":"https:\/\/www.biosupport.fr\/wp-json\/wp\/v2\/users\/2"}],"replies":[{"embeddable":true,"href":"https:\/\/www.biosupport.fr\/wp-json\/wp\/v2\/comments?post=14"}],"version-history":[{"count":137,"href":"https:\/\/www.biosupport.fr\/wp-json\/wp\/v2\/pages\/14\/revisions"}],"predecessor-version":[{"id":4465,"href":"https:\/\/www.biosupport.fr\/wp-json\/wp\/v2\/pages\/14\/revisions\/4465"}],"wp:attachment":[{"href":"https:\/\/www.biosupport.fr\/wp-json\/wp\/v2\/media?parent=14"}],"curies":[{"name":"wp","href":"https:\/\/api.w.org\/{rel}","templated":true}]}}